{"id":327,"date":"2018-04-06T12:05:23","date_gmt":"2018-04-06T10:05:23","guid":{"rendered":"http:\/\/grandsite-capserquyfrehel.com\/?page_id=327"},"modified":"2018-04-06T12:05:23","modified_gmt":"2018-04-06T10:05:23","slug":"coordonnees","status":"publish","type":"page","link":"https:\/\/grandsite-capserquyfrehel.com\/en\/coordonnees\/","title":{"rendered":"Coordonn\u00e9es"},"content":{"rendered":"<h3>Grand Site Cap d&#8217;Erquy &#8211; Cap Fr\u00e9hel<\/h3>\n<p>16 rue Notre Dame<br \/>\n22240 PLEVENON<br \/>\nT\u00e9l: 02 96 41 50 83<br \/>\nFax: 02 96 41 42 25<\/p>\n<p>Coordonn\u00e9es GPS :<br \/>\nLatitude<br \/>\nLongitude<\/p>\n<h6>Contact-us<\/h6>\n<p>&nbsp;<\/p>\n","protected":false},"excerpt":{"rendered":"<p>Grand Site Cap d&#8217;Erquy &#8211; Cap Fr\u00e9hel 16 rue Notre Dame 22240 PLEVENON T\u00e9l: 02 96 41 50 83 Fax: 02 96 41 42 25 Coordonn\u00e9es GPS : Latitude Longitude Contact-us &nbsp;<\/p>\n","protected":false},"author":1,"featured_media":180,"parent":0,"menu_order":11,"comment_status":"closed","ping_status":"closed","template":"","meta":{"_acf_changed":false,"_exactmetrics_skip_tracking":false,"_exactmetrics_sitenote_active":false,"_exactmetrics_sitenote_note":"","_exactmetrics_sitenote_category":0,"_monsterinsights_skip_tracking":false,"_monsterinsights_sitenote_active":false,"_monsterinsights_sitenote_note":"","_monsterinsights_sitenote_category":0,"footnotes":""},"class_list":["post-327","page","type-page","status-publish","has-post-thumbnail","hentry"],"acf":[],"_links":{"self":[{"href":"https:\/\/grandsite-capserquyfrehel.com\/en\/wp-json\/wp\/v2\/pages\/327","targetHints":{"allow":["GET"]}}],"collection":[{"href":"https:\/\/grandsite-capserquyfrehel.com\/en\/wp-json\/wp\/v2\/pages"}],"about":[{"href":"https:\/\/grandsite-capserquyfrehel.com\/en\/wp-json\/wp\/v2\/types\/page"}],"author":[{"embeddable":true,"href":"https:\/\/grandsite-capserquyfrehel.com\/en\/wp-json\/wp\/v2\/users\/1"}],"replies":[{"embeddable":true,"href":"https:\/\/grandsite-capserquyfrehel.com\/en\/wp-json\/wp\/v2\/comments?post=327"}],"version-history":[{"count":1,"href":"https:\/\/grandsite-capserquyfrehel.com\/en\/wp-json\/wp\/v2\/pages\/327\/revisions"}],"predecessor-version":[{"id":328,"href":"https:\/\/grandsite-capserquyfrehel.com\/en\/wp-json\/wp\/v2\/pages\/327\/revisions\/328"}],"wp:featuredmedia":[{"embeddable":true,"href":"https:\/\/grandsite-capserquyfrehel.com\/en\/wp-json\/wp\/v2\/media\/180"}],"wp:attachment":[{"href":"https:\/\/grandsite-capserquyfrehel.com\/en\/wp-json\/wp\/v2\/media?parent=327"}],"curies":[{"name":"wp","href":"https:\/\/api.w.org\/{rel}","templated":true}]}}