{"id":3368,"date":"2018-04-16T14:26:51","date_gmt":"2018-04-16T12:26:51","guid":{"rendered":"https:\/\/grandsite-capserquyfrehel.com\/?page_id=3368"},"modified":"2019-02-18T14:14:05","modified_gmt":"2019-02-18T13:14:05","slug":"lappel-des-sens-les-valeurs-du-grand-site","status":"publish","type":"page","link":"https:\/\/grandsite-capserquyfrehel.com\/en\/grand-site-cap-derquy-cap-frehel\/lesprit-des-lieux-et-les-patrimoines-en\/lappel-des-sens-les-valeurs-du-grand-site\/","title":{"rendered":"The wonders of the \u201cGrand Site\u201d"},"content":{"rendered":"\n\t\t<div class=\"textwidget custom-html-widget\"><div id=\"wordcloud\"><\/div>\r\n\r\n<script>\r\n\r\n\r\n\r\nvar words = [\r\n{text: \"force des paysages\", weight: 10},\r\n{text: \"falaises\", weight: 8},\r\n{text: \"couleurs\", weight: 8},\r\n{text: \"landes\", weight: 14},\r\n{text: \"phare du Cap et Fort La Latte\", weight: 12},\r\n{text: \"g\u00e9omorphologie et gr\u00e8s rose\", weight: 6},\r\n{text: \"richesses ornithologiques\", weight: 7},\r\n{text: \"diversit\u00e9 des milieux naturels\", weight: 8},\r\n{text: \"activit\u00e9s ancestrales et traditions associ\u00e9es\", weight: 5},\r\n{text: \"activit\u00e9 de p\u00eache qui impr\u00e8gne\", weight: 7},\r\n{text: \"l\u2019identit\u00e9 du territoire\", weight: 10},\r\n{text: \"itin\u00e9rances douces\", weight: 6},\r\n\t\r\n];\r\n\r\njQuery('#wordcloud').jQCloud(words);\r\n<\/script><\/div>\n\t\t\n<p>Both Cap d\u2019Erquy and Cap Frehel are extraordinary places, with their pink sandstone cliffs. Standing on the rocky headlands is like being at the end of the world, looking out over the wide open sea. From the cliff tops you can see the magnificent spectacle, as the wind picks up and the currents swirl, sending the waves crashing onto the rocks.<\/p>\n","protected":false},"excerpt":{"rendered":"<p>Both Cap d\u2019Erquy and Cap Frehel are extraordinary places, with their pink sandstone cliffs. Standing on the rocky headlands is like being at the end of the world, looking out over the wide open sea. From the cliff tops you can see the magnificent spectacle, as the wind picks up and the currents swirl, sending [&hellip;]<\/p>\n","protected":false},"author":1,"featured_media":2336,"parent":491,"menu_order":0,"comment_status":"closed","ping_status":"closed","template":"","meta":{"_acf_changed":false,"_exactmetrics_skip_tracking":false,"_exactmetrics_sitenote_active":false,"_exactmetrics_sitenote_note":"","_exactmetrics_sitenote_category":0,"_monsterinsights_skip_tracking":false,"_monsterinsights_sitenote_active":false,"_monsterinsights_sitenote_note":"","_monsterinsights_sitenote_category":0,"footnotes":""},"class_list":["post-3368","page","type-page","status-publish","has-post-thumbnail","hentry"],"acf":[],"_links":{"self":[{"href":"https:\/\/grandsite-capserquyfrehel.com\/en\/wp-json\/wp\/v2\/pages\/3368","targetHints":{"allow":["GET"]}}],"collection":[{"href":"https:\/\/grandsite-capserquyfrehel.com\/en\/wp-json\/wp\/v2\/pages"}],"about":[{"href":"https:\/\/grandsite-capserquyfrehel.com\/en\/wp-json\/wp\/v2\/types\/page"}],"author":[{"embeddable":true,"href":"https:\/\/grandsite-capserquyfrehel.com\/en\/wp-json\/wp\/v2\/users\/1"}],"replies":[{"embeddable":true,"href":"https:\/\/grandsite-capserquyfrehel.com\/en\/wp-json\/wp\/v2\/comments?post=3368"}],"version-history":[{"count":4,"href":"https:\/\/grandsite-capserquyfrehel.com\/en\/wp-json\/wp\/v2\/pages\/3368\/revisions"}],"predecessor-version":[{"id":3372,"href":"https:\/\/grandsite-capserquyfrehel.com\/en\/wp-json\/wp\/v2\/pages\/3368\/revisions\/3372"}],"up":[{"embeddable":true,"href":"https:\/\/grandsite-capserquyfrehel.com\/en\/wp-json\/wp\/v2\/pages\/491"}],"wp:featuredmedia":[{"embeddable":true,"href":"https:\/\/grandsite-capserquyfrehel.com\/en\/wp-json\/wp\/v2\/media\/2336"}],"wp:attachment":[{"href":"https:\/\/grandsite-capserquyfrehel.com\/en\/wp-json\/wp\/v2\/media?parent=3368"}],"curies":[{"name":"wp","href":"https:\/\/api.w.org\/{rel}","templated":true}]}}