{"id":3448,"date":"2019-02-21T16:14:14","date_gmt":"2019-02-21T15:14:14","guid":{"rendered":"https:\/\/grandsite-capserquyfrehel.com\/?page_id=3448"},"modified":"2019-02-21T16:37:49","modified_gmt":"2019-02-21T15:37:49","slug":"come-to-grand-site","status":"publish","type":"page","link":"https:\/\/grandsite-capserquyfrehel.com\/en\/visit-the-grand-site\/come-to-grand-site\/","title":{"rendered":"Come to Grand Site"},"content":{"rendered":"<p style=\"text-align: center;\"><em>Practical information on the best way to get to the \u201cGrand Site Cap d\u2019Erquy-Cap Frehel\u201d, and to enjoy all it has to offer.<\/em><\/p>\n<h3>How to get there<\/h3>\n<p><img loading=\"lazy\" decoding=\"async\" class=\"aligncenter\" src=\"https:\/\/grandsite-capserquyfrehel.com\/wp-content\/uploads\/2018\/10\/Carte-situation-transport-Grand-Site-les-Caps-1024x819.jpg\" alt=\"\" width=\"664\" height=\"531\" \/><\/p>\n<h3>Find your route<\/h3>\n<div id=\"redirect\"><noscript>&lt;br \/&gt;<br \/>\n&lt;iframe src=&#8221;http:\/\/nmp-ihm.ctp.prod.canaltp.fr\/fr\/load\/dBhMiL68&#8243; style=&#8221;width:100%; height:600px;&#8221;\/&gt;&lt;br \/&gt;<br \/>\n<\/noscript><\/div>\n<p style=\"padding-left: 30px;\"><strong><u>By train<\/u><\/strong><\/p>\n<p><a href=\"http:\/\/www.oui.sncf\">www.oui.sncf<\/a><\/p>\n<p>Gare d&#8217;arriv\u00e9e Lamballe = 23 km<br \/>\nGare d&#8217;arriv\u00e9e Saint-Brieuc = 34 km<br \/>\nGare d&#8217;arriv\u00e9e Dinan = 38 km<br \/>\nGare d&#8217;arriv\u00e9e Saint-Malo = 40 km<\/p>\n<p style=\"text-align: justify;\">Bicycles can be transported free of charge on the TER without reservation, subject to availability. Bicycles can be transported by TGV upon reservation (10 Euros) \u2013 there are usually two places for bikes on the TGV.<\/p>\n<p style=\"text-align: justify;\">Did you know? Children under 12 travel free on the TER, if accompanied by a paying adult, with a maximum of 4 children per adult.<br \/>\nTER Bretagne \u201cprix ronds\u201d also offers free return tickets at certain times<span style=\"text-align: justify;\">. <\/span><a style=\"text-align: justify;\" href=\"https:\/\/www.ter.sncf.com\/bretagne\/offres\/tarifs\/prix-ronds\/%5Btab%5Dretoursgratuits\" target=\"_blank\" rel=\"noopener\">Informations<\/a><\/p>\n<p>ind out about group rates ! <a href=\"https:\/\/www.ter.sncf.com\/bretagne\/offres\/tarifs\/%5Btab%5Dvoyagesengroupe\" target=\"_blank\" rel=\"noopener\">En savoir plus &#8230;\u00a0<\/a><br \/>\nAnd at the station: Tibus (local bus), car hire, car share.<\/p>\n<p>Follow the adventures of Pierre, our explorer and see how he did just that! See his journey and how he discovered the \u201cCaps\u201d\u00a0!! <a href=\"https:\/\/grandsite-capserquyfrehel.com\/visiter\/escapade-sans-voiture-et-idees-sejours\/\">D\u00e9couvrez son p\u00e9riple sur le territoire des Caps &#8230;<\/a><\/p>\n<p style=\"padding-left: 30px;\"><strong><u>By bike<\/u><\/strong><\/p>\n<p>The European bicycle route Eurovelo Route 4 runs across the \u201cGrand Site\u201d. The whole route along the French coast of the English Channel is sign-posted. <a href=\"https:\/\/grandsite-capserquyfrehel.com\/visiter\/partez-en-balade-en-randonnee\/en-roue-libre-sur-les-itineraires-cyclotouristiques-et-vtt\/\" target=\"_blank\" rel=\"noopener\">To find out more<\/a>.<\/p>\n<p style=\"padding-left: 30px;\">Description of the Matignon-Erquy section\u00a0 ici: <a href=\"https:\/\/www.tourdemanche.com\/etapes\/matignon-erquy\">https:\/\/www.tourdemanche.com\/etapes\/matignon-erquy\u00a0<\/a><br \/>\nDescription of the Yffignac-Erquy section\u00a0 \u00a0 ici: <a href=\"https:\/\/www.tourdemanche.com\/etapes\/erquy-yffiniac\">https:\/\/www.tourdemanche.com\/etapes\/erquy-yffiniac<\/a><\/p>\n<p>You can join the cycle route from the station at Saint-Brieuc or Saint Malo.<\/p>\n<p style=\"padding-left: 30px;\"><strong><u>By aeroplane<\/u><\/strong><\/p>\n<p>Rennes airport = <a href=\"http:\/\/www.rennes.aeroport.fr\">www.rennes.aeroport.fr<\/a><br \/>\nDinard airport = <a href=\"http:\/\/www.dinard.aeroport.fr\">www.dinard.aeroport.fr<\/a><\/p>\n<p>Don\u2019t forget to car-share where possible :\u00a0<a href=\"https:\/\/car-fly.com\/\" target=\"_blank\" rel=\"noopener\">Car fly<\/a><\/p>\n<p style=\"padding-left: 30px;\"><strong><u>By car or camper-van<\/u><\/strong><\/p>\n<p><em>Au d\u00e9part de Saint-Brieuc =<br \/>\n<\/em>\u00a0 \u00a0 \u00a0RN12 jusqu\u2019\u00e0 la sortie Saint Ren\u00e9 \u00e0 D\u00e9partementale D786 jusqu\u2019\u00e0 Fr\u00e9hel \u00e0 Route touristique D34I<\/p>\n<p><em>Au d\u00e9part de Lamballe =<br \/>\n<\/em>\u00a0 \u00a0 \u00a0D\u00e9partementale D791 jusqu\u2019\u00e0 Saint-Alban \u00e0 D\u00e9partementale D786 jusqu\u2019\u00e0 Fr\u00e9hel \u00e0 Route touristique D34I<\/p>\n<p><em>Au d\u00e9part de Dinan =<br \/>\n<\/em>\u00a0 \u00a0 \u00a0D\u00e9partementale D26 jusqu\u2019\u00e0 Languenan \u00e0 D\u00e9partementale D28 jusqu\u2019\u00e0 La Croix Janet \u00e0 D\u00e9partementale D62 \/ 768 jusqu\u2019\u00e0 Tregon \u00e0 D\u00e9partementale D786 jusqu\u2019\u00e0 Fr\u00e9hel \u00e0 Route touristique D34I<\/p>\n<p><em>Au d\u00e9part de Dinard =<br \/>\n<\/em>\u00a0\u00a0\u00a0\u00a0 D\u00e9partementale D168 direction Ploubalay \u00e0 D\u00e9partementale D768 jusqu\u2019\u00e0 Tregon \u00e0 D\u00e9partementale D786 jusqu\u2019\u00e0 Fr\u00e9hel \u00e0 Route touristique D34I<\/p>\n<p>There is parking for camper-vans, where you can park with confidence &#8230;<\/p>\n<ul>\n<li>ERQUY : Plage de Caroual<\/li>\n<li>FREHEL : La Ville Oie<\/li>\n<li>PLEVENON : Parking \u00e0 la sortie du bourg en direction du Cap Fr\u00e9hel<\/li>\n<\/ul>\n<p style=\"padding-left: 30px;\"><u><strong>By bus<\/strong> <\/u>=\u00a0\u00a0<a href=\"http:\/\/www.tibus.fr\">www.tibus.fr<\/a><\/p>\n<p><em>Au d\u00e9part de Saint-Brieuc<\/em> = Ligne 2<br \/>\n<em>Au d\u00e9part de Lamballe<\/em> = Ligne 32 \u00e0 Ligne 2<\/p>\n<p>The Tibus Number 2 line can carry bicycles on bike racks during the summer, free of charge.<br \/>\nTIBUS Lines 13 and 14 can drop you at the entrance to the \u201cGrand Site\u201d, in Saint Cast le Guildo. From there you can follow the GR34 path on foot, or by bike along the coast.<\/p>\n<p style=\"padding-left: 30px;\"><strong>By carpooling or car-sharing from the stations<\/strong><\/p>\n<p><a href=\"http:\/\/www.covoiturage.fr\">www.covoiturage.fr<\/a><\/p>\n<p><a href=\"https:\/\/www.ouestgo.fr\/\">www.ouestgo.fr<\/a><\/p>\n<p><a href=\"https:\/\/www.drivy.com\/\">www.drivy.com<\/a><\/p>\n<p><a href=\"https:\/\/www.ouicar.fr\/\">www.ouicar.fr<\/a><\/p>\n<p>&nbsp;<\/p>\n","protected":false},"excerpt":{"rendered":"<p>Practical information on the best way to get to the \u201cGrand Site Cap d\u2019Erquy-Cap Frehel\u201d, and to enjoy all it has to offer. How to get there Find your route &lt;br \/&gt; &lt;iframe src=&#8221;http:\/\/nmp-ihm.ctp.prod.canaltp.fr\/fr\/load\/dBhMiL68&#8243; style=&#8221;width:100%; height:600px;&#8221;\/&gt;&lt;br \/&gt; By train www.oui.sncf Gare d&#8217;arriv\u00e9e Lamballe = 23 km Gare d&#8217;arriv\u00e9e Saint-Brieuc = 34 km Gare d&#8217;arriv\u00e9e Dinan [&hellip;]<\/p>\n","protected":false},"author":2,"featured_media":657,"parent":315,"menu_order":39,"comment_status":"closed","ping_status":"closed","template":"","meta":{"_acf_changed":false,"_exactmetrics_skip_tracking":false,"_exactmetrics_sitenote_active":false,"_exactmetrics_sitenote_note":"","_exactmetrics_sitenote_category":0,"_monsterinsights_skip_tracking":false,"_monsterinsights_sitenote_active":false,"_monsterinsights_sitenote_note":"","_monsterinsights_sitenote_category":0,"footnotes":""},"class_list":["post-3448","page","type-page","status-publish","has-post-thumbnail","hentry"],"acf":[],"_links":{"self":[{"href":"https:\/\/grandsite-capserquyfrehel.com\/en\/wp-json\/wp\/v2\/pages\/3448","targetHints":{"allow":["GET"]}}],"collection":[{"href":"https:\/\/grandsite-capserquyfrehel.com\/en\/wp-json\/wp\/v2\/pages"}],"about":[{"href":"https:\/\/grandsite-capserquyfrehel.com\/en\/wp-json\/wp\/v2\/types\/page"}],"author":[{"embeddable":true,"href":"https:\/\/grandsite-capserquyfrehel.com\/en\/wp-json\/wp\/v2\/users\/2"}],"replies":[{"embeddable":true,"href":"https:\/\/grandsite-capserquyfrehel.com\/en\/wp-json\/wp\/v2\/comments?post=3448"}],"version-history":[{"count":13,"href":"https:\/\/grandsite-capserquyfrehel.com\/en\/wp-json\/wp\/v2\/pages\/3448\/revisions"}],"predecessor-version":[{"id":3461,"href":"https:\/\/grandsite-capserquyfrehel.com\/en\/wp-json\/wp\/v2\/pages\/3448\/revisions\/3461"}],"up":[{"embeddable":true,"href":"https:\/\/grandsite-capserquyfrehel.com\/en\/wp-json\/wp\/v2\/pages\/315"}],"wp:featuredmedia":[{"embeddable":true,"href":"https:\/\/grandsite-capserquyfrehel.com\/en\/wp-json\/wp\/v2\/media\/657"}],"wp:attachment":[{"href":"https:\/\/grandsite-capserquyfrehel.com\/en\/wp-json\/wp\/v2\/media?parent=3448"}],"curies":[{"name":"wp","href":"https:\/\/api.w.org\/{rel}","templated":true}]}}